{"id":9,"date":"2019-01-10T21:44:06","date_gmt":"2019-01-10T20:44:06","guid":{"rendered":"http:\/\/192.168.1.240\/?page_id=9"},"modified":"2019-01-19T21:08:58","modified_gmt":"2019-01-19T20:08:58","slug":"a-propos-de","status":"publish","type":"page","link":"https:\/\/www.grutt.org\/?page_id=9","title":{"rendered":"\u00c0 propos de"},"content":{"rendered":"\n<p>Ah l&rsquo;angoisse de la page blanche (vraiment blanche ici m\u00eame)&#8230;<br><br>En ce beau jour de janvier 2019, je ne sais pas quel sera l&rsquo;avenir de ce site, ni sa p\u00e9rennit\u00e9. Ce qui est s\u00fbr c&rsquo;est qu&rsquo;au pire, il me servira de &lsquo;backup&rsquo; accessible facilement de toutes ces petites astuces pratiques qui m&rsquo;ont un jour ou l&rsquo;autre fait gagner un cheveu blanc de plus&#8230;<br><\/p>\n","protected":false},"excerpt":{"rendered":"<p>Ah l&rsquo;angoisse de la page blanche (vraiment blanche ici m\u00eame)&#8230; En ce beau jour de janvier 2019, je ne sais pas quel sera l&rsquo;avenir de ce site, ni sa p\u00e9rennit\u00e9. Ce qui est s\u00fbr c&rsquo;est qu&rsquo;au pire, il me servira de &lsquo;backup&rsquo; accessible facilement de toutes ces petites astuces pratiques qui m&rsquo;ont un jour ou &hellip; <a href=\"https:\/\/www.grutt.org\/?page_id=9\" class=\"more-link\">Continuer la lecture<span class=\"screen-reader-text\"> de &laquo;&nbsp;\u00c0 propos de&nbsp;&raquo;<\/span><\/a><\/p>\n","protected":false},"author":2,"featured_media":6,"parent":0,"menu_order":0,"comment_status":"closed","ping_status":"closed","template":"","meta":{"footnotes":""},"class_list":["post-9","page","type-page","status-publish","has-post-thumbnail","hentry"],"_links":{"self":[{"href":"https:\/\/www.grutt.org\/index.php?rest_route=\/wp\/v2\/pages\/9","targetHints":{"allow":["GET"]}}],"collection":[{"href":"https:\/\/www.grutt.org\/index.php?rest_route=\/wp\/v2\/pages"}],"about":[{"href":"https:\/\/www.grutt.org\/index.php?rest_route=\/wp\/v2\/types\/page"}],"author":[{"embeddable":true,"href":"https:\/\/www.grutt.org\/index.php?rest_route=\/wp\/v2\/users\/2"}],"replies":[{"embeddable":true,"href":"https:\/\/www.grutt.org\/index.php?rest_route=%2Fwp%2Fv2%2Fcomments&post=9"}],"version-history":[{"count":2,"href":"https:\/\/www.grutt.org\/index.php?rest_route=\/wp\/v2\/pages\/9\/revisions"}],"predecessor-version":[{"id":62,"href":"https:\/\/www.grutt.org\/index.php?rest_route=\/wp\/v2\/pages\/9\/revisions\/62"}],"wp:featuredmedia":[{"embeddable":true,"href":"https:\/\/www.grutt.org\/index.php?rest_route=\/wp\/v2\/media\/6"}],"wp:attachment":[{"href":"https:\/\/www.grutt.org\/index.php?rest_route=%2Fwp%2Fv2%2Fmedia&parent=9"}],"curies":[{"name":"wp","href":"https:\/\/api.w.org\/{rel}","templated":true}]}}